{"id":39,"date":"2014-08-19T15:24:21","date_gmt":"2014-08-19T13:24:21","guid":{"rendered":"http:\/\/www.sternenzacke.de\/?page_id=39"},"modified":"2020-01-15T16:52:45","modified_gmt":"2020-01-15T14:52:45","slug":"impressum","status":"publish","type":"page","link":"https:\/\/www.sternenzacke.de\/?page_id=39","title":{"rendered":"Impressum und Urheberrecht"},"content":{"rendered":"<header class=\"entry-header\">\n<h2 class=\"entry-title\" style=\"font-weight: 600; color: #333538;\">Kontakt<\/h2>\n<\/header>\n<p>Du erreichst mich unter:<\/p>\n<p><em style=\"font-style: italic;\">&nbsp;<\/em>Christiane Dick<\/p>\n<p>Florastrasse 73<\/p>\n<p>40217 D\u00fcsseldorf<\/p>\n<p>0177-4922318<\/p>\n<p>chris [at] wissenschaftscomics [punkt] de<\/p>\n<p><b><\/b><em>Verantwortlich im Sinne des Pressegesetzes ist Christiane Dick.<\/em><\/p>\n<h2><\/h2>\n<h2 class=\"entry-content clearfix\"><strong>Urheberrecht<\/strong><\/h2>\n<p>Die auf dieser Website ver\u00f6ffentlichten Inhalte unterliegen dem deutschen Urheber- und Leistungsschutzrecht. S\u00e4mtliche Rechte an Texten und Bildmaterial und sonstigen Inhalten der Website liegen, soweit nicht anders angegeben, bei Christiane Dick (Chris Ella Dick).<\/p>\n<p><strong>Eine Verwendung von Inhalten dieser Website ist nur mit ausdr\u00fccklicher schriftlicher Erlaubnis der K\u00fcnstlerin erlaubt<\/strong>. Dies gilt insbesondere f\u00fcr Vervielf\u00e4ltigung, Bearbeitung, \u00dcbersetzung, Einspeicherung, Verarbeitung bzw. Wiedergabe von Inhalten in Datenbanken oder anderen elektronischen Medien und Systemen. <strong>Sollten Sie Interesse an einem Bild oder einem Text haben, schreiben Sie einfach eine Email an <a href=\"chris@wissenschaftscomics.de\"><em>chris (at) wissenschaftscomics (Punkt)<\/em> de<\/a> . <\/strong><strong>Jede unerlaubte Verwendung der Texte und des Bildmaterials wird zur Anzeige gebracht<\/strong>.<\/p>\n<p>Inhalte und Rechte Dritter sind dabei als solche gekennzeichnet. Die unerlaubte Vervielf\u00e4ltigung oder Weitergabe einzelner Inhalte oder kompletter Seiten ist nicht gestattet und strafbar. \u2028Die Darstellung dieser Website in fremden Frames ist nur mit schriftlicher Erlaubnis zul\u00e4ssig.<\/p>\n<p>Die Inhalte dieser Website werden mit gr\u00f6\u00dftm\u00f6glicher Sorgfalt erstellt. Der Anbieter \u00fcbernimmt jedoch keine Gew\u00e4hr f\u00fcr die Richtigkeit, Vollst\u00e4ndigkeit und Aktualit\u00e4t der bereitgestellten Inhalte. Die Nutzung der Inhalte der Website erfolgt auf eigene Gefahr des Nutzers. Namentlich gekennzeichnete Beitr\u00e4ge geben die Meinung des jeweiligen Autors und nicht immer die Meinung des Anbieters wieder.<\/p>\n<p>Mit der reinen Nutzung der Website des Anbieters kommt keinerlei Vertragsverh\u00e4ltnis zwischen dem Nutzer und dem Anbieter zustande.<\/p>\n<p>Diese Website kann Verkn\u00fcpfungen zu Websites Dritter (\u201cexterne Links\u201d) enthalten. Diese Websites unterliegen der Haftung der jeweiligen Betreiber. Der Anbieter hat bei der erstmaligen Verkn\u00fcpfung der externen Links die fremden Inhalte daraufhin \u00fcberpr\u00fcft, ob etwaige Rechtsverst\u00f6\u00dfe bestehen. Zu dem Zeitpunkt waren keine Rechtsverst\u00f6\u00dfe ersichtlich. Der Anbieter hat keinerlei Einfluss auf die aktuelle und zuk\u00fcnftige Gestaltung und auf die Inhalte der verkn\u00fcpften Seiten. Das Setzen von externen Links bedeutet nicht, dass sich der Anbieter die hinter dem Verweis oder Link liegenden Inhalte zu Eigen macht. Eine st\u00e4ndige Kontrolle dieser externen Links ist f\u00fcr den Anbieter ohne konkrete Hinweise auf Rechtsverst\u00f6\u00dfe nicht zumutbar. Bei Kenntnis von Rechtsverst\u00f6\u00dfen werden jedoch derartige externe Links unverz\u00fcglich gel\u00f6scht.<\/p>\n","protected":false},"excerpt":{"rendered":"<p>Kontakt Du erreichst mich unter: &nbsp;Christiane Dick Florastrasse 73 40217 D\u00fcsseldorf 0177-4922318 chris [at] wissenschaftscomics [punkt] de Verantwortlich im Sinne des Pressegesetzes ist Christiane Dick. Urheberrecht Die auf dieser Website ver\u00f6ffentlichten Inhalte unterliegen dem deutschen Urheber- und Leistungsschutzrecht. S\u00e4mtliche Rechte an Texten und Bildmaterial und sonstigen Inhalten der Website liegen, soweit nicht anders angegeben, bei&hellip;<\/p>\n","protected":false},"author":1,"featured_media":2480,"parent":0,"menu_order":0,"comment_status":"open","ping_status":"open","template":"","meta":[],"_links":{"self":[{"href":"https:\/\/www.sternenzacke.de\/index.php?rest_route=\/wp\/v2\/pages\/39"}],"collection":[{"href":"https:\/\/www.sternenzacke.de\/index.php?rest_route=\/wp\/v2\/pages"}],"about":[{"href":"https:\/\/www.sternenzacke.de\/index.php?rest_route=\/wp\/v2\/types\/page"}],"author":[{"embeddable":true,"href":"https:\/\/www.sternenzacke.de\/index.php?rest_route=\/wp\/v2\/users\/1"}],"replies":[{"embeddable":true,"href":"https:\/\/www.sternenzacke.de\/index.php?rest_route=%2Fwp%2Fv2%2Fcomments&post=39"}],"version-history":[{"count":7,"href":"https:\/\/www.sternenzacke.de\/index.php?rest_route=\/wp\/v2\/pages\/39\/revisions"}],"predecessor-version":[{"id":2823,"href":"https:\/\/www.sternenzacke.de\/index.php?rest_route=\/wp\/v2\/pages\/39\/revisions\/2823"}],"wp:featuredmedia":[{"embeddable":true,"href":"https:\/\/www.sternenzacke.de\/index.php?rest_route=\/wp\/v2\/media\/2480"}],"wp:attachment":[{"href":"https:\/\/www.sternenzacke.de\/index.php?rest_route=%2Fwp%2Fv2%2Fmedia&parent=39"}],"curies":[{"name":"wp","href":"https:\/\/api.w.org\/{rel}","templated":true}]}}